{"id":475,"date":"2020-12-16T21:35:53","date_gmt":"2020-12-16T21:35:53","guid":{"rendered":"http:\/\/vitaminibaltics.com\/contacts\/"},"modified":"2022-04-04T13:14:11","modified_gmt":"2022-04-04T13:14:11","slug":"contacts","status":"publish","type":"page","link":"https:\/\/vitaminibaltics.com\/ru\/contacts\/","title":{"rendered":"\u041a\u043e\u043d\u0442\u0430\u043a\u0442\u044b"},"content":{"rendered":"<div class=\"row\"  id=\"row-1648223028\">\n\n\t<div id=\"col-70158304\" class=\"col small-12 large-12\"  >\n\t\t\t\t<div class=\"col-inner\"  >\n\t\t\t\n\t\t\t\n  <div id=\"page-header-1831155909\" class=\"page-header-wrapper\">\n  <div class=\"page-title light simple-title\">\n\n    \n    <div class=\"page-title-inner container align-center flex-row medium-flex-wrap row-reverse\" >\n            <div class=\"title-content flex-col flex-left text-left medium-text-center\">\n        <div class=\"title-breadcrumbs pb-half pt-half\"><\/div>      <\/div>\n    <\/div>\n\n       <\/div>\n    <\/div>\n  \n\t\t<\/div>\n\t\t\t\t\t<\/div>\n\n\t\n<\/div>\n<div class=\"row\"  id=\"row-410565817\">\n\n\t<div id=\"col-158791481\" class=\"col medium-6 small-12 large-6\"  >\n\t\t\t\t<div class=\"col-inner\"  >\n\t\t\t\n\t\t\t\n<h3><strong>\u041a\u043e\u043d\u0442\u0430\u043a\u0442\u043d\u0430\u044f \u0438\u043d\u0444\u043e\u0440\u043c\u0430\u0446\u0438\u044f \u0438\u043d\u0442\u0435\u0440\u043d\u0435\u0442-\u043c\u0430\u0433\u0430\u0437\u0438\u043d\u0430 vitaminibaltics.com<br \/>\n<\/strong><\/h3>\n<p><a href=\"tel:67367257\">67367257<\/a><br \/>\n<a href=\"tel:67228520\">67228520<\/a><\/p>\n<p>\u041f\u043e\u043d\u0435\u0434\u0435\u043b\u044c\u043d\u0438\u043a &#8212; \u041f\u044f\u0442\u043d\u0438\u0446\u0430 10:00-16:00<br \/>\n<a href=\"mailto:info@vitaminibaltics.com\">info@vitaminibaltics.com<\/a><\/p>\n<h3><strong>\u0418\u043d\u0444\u043e\u0440\u043c\u0430\u0446\u0438\u044f \u043e \u043a\u043e\u043c\u043f\u0430\u043d\u0438\u0438<\/strong><\/h3>\n<p><strong>SIA VitalMedica<\/strong><\/p>\n<p>\u042e\u0420\u0418\u0414\u0418\u0427\u0415\u0421\u041a\u0418\u0419 \u0410\u0414\u0420\u0415\u0421: K.Ulma\u0146a gatve 119, M\u0101rupe, R\u012bgas raj., LV-2167<br \/>\n\u0420\u0415\u0413\u0418\u0421\u0422\u0420\u0410\u0426\u0418\u041e\u041d\u041d\u042b\u0419 \u2116.: 40003615997<\/p>\n<p>PVN \u0420\u0415\u0413\u0418\u0421\u0422\u0420\u0410\u0426\u0418\u041e\u041d\u041d\u042b\u0419 NR.: LV40003615997<br \/>\n\u0411\u0410\u041d\u041a: Swedbank<br \/>\n\u041a\u041e\u0414 \u0411\u0410\u041d\u041a\u0410: HABALV22<br \/>\n\u041d\u041e\u041c\u0415\u0420 \u0421\u0427\u0415\u0422\u0410: LV68HABA0551033478925<\/p>\n<p>\u0410\u0414\u0420\u0415\u0421 \u041e\u0424\u0418\u0421\u0410: K.Ulma\u0146a gatve 119, M\u0101rupe, R\u012bgas raj., LV-2167<br \/>\nE-MAIL: <a href=\"mailto:info@vitalmedica.lv\">info@vitalmedica.lv<\/a><br \/>\n\u0422\u0415\u041b\u0415\u0424\u041e\u041d: <a href=\"tel:67367257\">67367257<\/a><\/p>\n\t\t<\/div>\n\t\t\t\t\t<\/div>\n\n\t\n\n\t<div id=\"col-1735000312\" class=\"col medium-6 small-12 large-6\"  >\n\t\t\t\t<div class=\"col-inner\"  >\n\t\t\t\n\t\t\t\n<div class=\"container section-title-container\" ><h3 class=\"section-title section-title-normal\"><b><\/b><span class=\"section-title-main\" >\u0421\u0432\u044f\u0437\u0430\u0442\u044c\u0441\u044f \u0441 \u043d\u0430\u043c\u0438<\/span><b><\/b><\/h3><\/div>\n\n<div class=\"wpcf7 no-js\" id=\"wpcf7-f535-o1\" lang=\"ru-RU\" dir=\"ltr\" data-wpcf7-id=\"535\">\n<div class=\"screen-reader-response\"><p role=\"status\" aria-live=\"polite\" aria-atomic=\"true\"><\/p> <ul><\/ul><\/div>\n<form action=\"\/ru\/wp-json\/wp\/v2\/pages\/475#wpcf7-f535-o1\" method=\"post\" class=\"wpcf7-form init\" aria-label=\"\u041a\u043e\u043d\u0442\u0430\u043a\u0442\u043d\u0430\u044f \u0444\u043e\u0440\u043c\u0430\" novalidate=\"novalidate\" data-status=\"init\">\n<fieldset class=\"hidden-fields-container\"><input type=\"hidden\" name=\"_wpcf7\" value=\"535\" \/><input type=\"hidden\" name=\"_wpcf7_version\" value=\"6.1.5\" \/><input type=\"hidden\" name=\"_wpcf7_locale\" value=\"ru_RU\" \/><input type=\"hidden\" name=\"_wpcf7_unit_tag\" value=\"wpcf7-f535-o1\" \/><input type=\"hidden\" name=\"_wpcf7_container_post\" value=\"0\" \/><input type=\"hidden\" name=\"_wpcf7_posted_data_hash\" value=\"\" \/><input type=\"hidden\" name=\"_wpcf7_recaptcha_response\" value=\"\" \/>\n<\/fieldset>\n<div class=\"form-flat\">\n\t<p><span class=\"wpcf7-form-control-wrap\" data-name=\"your-name\"><input size=\"40\" maxlength=\"400\" class=\"wpcf7-form-control wpcf7-text wpcf7-validates-as-required\" aria-required=\"true\" aria-invalid=\"false\" placeholder=\"\u0412\u0430\u0448\u0435 \u0438\u043c\u044f (\u043e\u0431\u044f\u0437\u0430\u0442\u0435\u043b\u044c\u043d\u043e)\" value=\"\" type=\"text\" name=\"your-name\" \/><\/span>\n\t<\/p>\n\t<p><span class=\"wpcf7-form-control-wrap\" data-name=\"your-email\"><input size=\"40\" maxlength=\"400\" class=\"wpcf7-form-control wpcf7-email wpcf7-validates-as-required wpcf7-text wpcf7-validates-as-email\" aria-required=\"true\" aria-invalid=\"false\" placeholder=\"\u0412\u0430\u0448 e-mail (\u043e\u0431\u044f\u0437\u0430\u0442\u0435\u043b\u044c\u043d\u043e)\" value=\"\" type=\"email\" name=\"your-email\" \/><\/span>\n\t<\/p>\n\t<p><span class=\"wpcf7-form-control-wrap\" data-name=\"your-message\"><textarea cols=\"40\" rows=\"10\" maxlength=\"2000\" class=\"wpcf7-form-control wpcf7-textarea\" aria-invalid=\"false\" placeholder=\"\u0421\u043e\u043e\u0431\u0449\u0435\u043d\u0438\u0435 (\u043e\u0431\u044f\u0437\u0430\u0442\u0435\u043b\u044c\u043d\u043e)\" name=\"your-message\"><\/textarea><\/span>\n\t<\/p>\n\t<p><input class=\"wpcf7-form-control wpcf7-submit has-spinner button\" type=\"submit\" value=\"\u041e\u0442\u043f\u0440\u0430\u0432\u0438\u0442\u044c\" \/>\n\t<\/p>\n<\/div><div class=\"wpcf7-response-output\" aria-hidden=\"true\"><\/div>\n<\/form>\n<\/div>\n\n\t\t<\/div>\n\t\t\t\t\t<\/div>\n\n\t\n<\/div>\n<div><iframe loading=\"lazy\" style=\"border: 0;\" src=\"https:\/\/www.google.com\/maps\/embed?pb=!1m18!1m12!1m3!1d2177.232761495305!2d24.021035315976512!3d56.927677980883864!2m3!1f0!2f0!3f0!3m2!1i1024!2i768!4f13.1!3m3!1m2!1s0x46eed077a5b494ed%3A0x90e7e53d0aa518c0!2zS8SBcsS8YSBVbG1hxYZhIGdhdHZlIDExOSwgTcSBcnVwZSwgTcSBcnVwZXMgbm92YWRzLCBMVi0yMTY3!5e0!3m2!1sru!2slv!4v1647862405247!5m2!1sru!2slv\" width=\"100%\" height=\"436\" allowfullscreen=\"allowfullscreen\"><\/iframe><\/div>\n","protected":false},"excerpt":{"rendered":"","protected":false},"author":1,"featured_media":0,"parent":0,"menu_order":0,"comment_status":"closed","ping_status":"closed","template":"","meta":{"_acf_changed":false,"footnotes":""},"class_list":["post-475","page","type-page","status-publish","hentry"],"acf":[],"_links":{"self":[{"href":"https:\/\/vitaminibaltics.com\/ru\/wp-json\/wp\/v2\/pages\/475","targetHints":{"allow":["GET"]}}],"collection":[{"href":"https:\/\/vitaminibaltics.com\/ru\/wp-json\/wp\/v2\/pages"}],"about":[{"href":"https:\/\/vitaminibaltics.com\/ru\/wp-json\/wp\/v2\/types\/page"}],"author":[{"embeddable":true,"href":"https:\/\/vitaminibaltics.com\/ru\/wp-json\/wp\/v2\/users\/1"}],"replies":[{"embeddable":true,"href":"https:\/\/vitaminibaltics.com\/ru\/wp-json\/wp\/v2\/comments?post=475"}],"version-history":[{"count":16,"href":"https:\/\/vitaminibaltics.com\/ru\/wp-json\/wp\/v2\/pages\/475\/revisions"}],"predecessor-version":[{"id":2769,"href":"https:\/\/vitaminibaltics.com\/ru\/wp-json\/wp\/v2\/pages\/475\/revisions\/2769"}],"wp:attachment":[{"href":"https:\/\/vitaminibaltics.com\/ru\/wp-json\/wp\/v2\/media?parent=475"}],"curies":[{"name":"wp","href":"https:\/\/api.w.org\/{rel}","templated":true}]}}