{"id":1011,"date":"2020-12-21T18:39:47","date_gmt":"2020-12-21T18:39:47","guid":{"rendered":"http:\/\/vitaminibaltics.com\/%d0%b8%d0%bd%d1%84%d0%be%d1%80%d0%bc%d0%b0%d1%86%d0%b8%d1%8f-%d0%be-%d0%b4%d0%be%d1%81%d1%82%d0%b0%d0%b2%d0%ba%d0%b5\/"},"modified":"2022-11-25T08:36:47","modified_gmt":"2022-11-25T08:36:47","slug":"informacziya-o-dostavke","status":"publish","type":"page","link":"https:\/\/vitaminibaltics.com\/ru\/informacziya-o-dostavke\/","title":{"rendered":"\u0418\u041d\u0424\u041e\u0420\u041c\u0410\u0426\u0418\u042f \u041e \u0414\u041e\u0421\u0422\u0410\u0412\u041a\u0415"},"content":{"rendered":"<p><strong>\u00a0 \u00a0 \u00a0 \u0412\u0438\u0434\u044b \u0434\u043e\u0441\u0442\u0430\u0432\u043a\u0438 \u0442\u043e\u0432\u0430\u0440\u043e\u0432 \u0438 \u0441\u0442\u043e\u0438\u043c\u043e\u0441\u0442\u044c \u0434\u043e\u0441\u0442\u0430\u0432\u043a\u0438.<\/strong><\/p>\n<p>1. \u041f\u0440\u0438 \u043e\u0444\u043e\u0440\u043c\u043b\u0435\u043d\u0438\u0438 \u0437\u0430\u043a\u0430\u0437\u0430 \u041f\u043e\u043a\u0443\u043f\u0430\u0442\u0435\u043b\u044c \u043c\u043e\u0436\u0435\u0442 \u0432\u044b\u0431\u0440\u0430\u0442\u044c \u043e\u0434\u0438\u043d \u0438\u0437 \u0441\u043b\u0435\u0434\u0443\u044e\u0449\u0438\u0445 \u0441\u043f\u043e\u0441\u043e\u0431\u043e\u0432 \u0434\u043e\u0441\u0442\u0430\u0432\u043a\u0438 \u0422\u043e\u0432\u0430\u0440\u0430:<\/p>\n<ol>\n<li>\u041f\u041e\u041b\u0423\u0427\u0415\u041d\u0418\u0415 \u0411\u0415\u0421\u041f\u041b\u0410\u0422\u041d\u041e (\u0441\u0442\u0430\u043d\u0434\u0430\u0440\u0442\u043d\u0430\u044f \u0434\u043e\u0441\u0442\u0430\u0432\u043a\u0430) \u0432 \u043e\u0444\u0438\u0441\u0435 \u041f\u0440\u043e\u0434\u0430\u0432\u0446\u0430, \u043a\u0430\u0436\u0434\u044b\u0439 \u0440\u0430\u0431\u043e\u0447\u0438\u0439 \u0434\u0435\u043d\u044c \u0441 11:00 \u0434\u043e 15:00, K.Ulma\u0146a gatve 119, M\u0101rupe, R\u012bgas raj., LV-2167<\/li>\n<li>\u0414\u041e\u0421\u0422\u0410\u0412\u041a\u0410 \u041d\u0410 \u041f\u0410\u041a\u0415\u0422\u041d\u042b\u0425 \u041c\u0410\u0428\u0418\u041d\u0410\u0425 OMNIVA (\u041f\u0410\u041a\u0415\u0422\u042b). \u0414\u043e\u0441\u0442\u0430\u0432\u043a\u0430 \u043e\u0441\u0443\u0449\u0435\u0441\u0442\u0432\u043b\u044f\u0435\u0442\u0441\u044f \u0432 \u0441\u0440\u0435\u0434\u043d\u0435\u043c \u0432 \u0442\u0435\u0447\u0435\u043d\u0438\u0435 1-3 \u0440\u0430\u0431\u043e\u0447\u0438\u0445 \u0434\u043d\u0435\u0439 (\u0434\u043b\u044f \u0411\u0410\u0414) \u0438\u043b\u0438 3-5 \u0440\u0430\u0431\u043e\u0447\u0438\u0445 \u0434\u043d\u0435\u0439 (\u0434\u043b\u044f \u0434\u0435\u0440\u043c\u043e\u043a\u043e\u0441\u043c\u0435\u0442\u0438\u043a\u0438) \u043f\u043e\u0441\u043b\u0435 \u043e\u043f\u043b\u0430\u0442\u044b. \u041f\u0440\u0438 \u0432\u044b\u0431\u043e\u0440\u0435 \u0434\u0430\u043d\u043d\u043e\u0433\u043e \u0432\u0438\u0434\u0430 \u0434\u043e\u0441\u0442\u0430\u0432\u043a\u0438 \u041f\u043e\u043a\u0443\u043f\u0430\u0442\u0435\u043b\u044c \u0434\u043e\u043b\u0436\u0435\u043d \u0443\u043a\u0430\u0437\u0430\u0442\u044c \u043d\u043e\u043c\u0435\u0440 \u043f\u043e\u0441\u044b\u043b\u043a\u0438 \u0432 \u0444\u043e\u0440\u043c\u0435 \u0437\u0430\u043a\u0430\u0437\u0430 (\u043f\u0440\u0438 \u0437\u0430\u043f\u043e\u043b\u043d\u0435\u043d\u0438\u0438 \u0437\u0430\u043a\u0430\u0437\u0430 \u0431\u0443\u0434\u0435\u0442 \u043f\u0440\u0435\u0434\u043b\u043e\u0436\u0435\u043d \u0441\u043f\u0438\u0441\u043e\u043a \u0432\u0441\u0435\u0445 \u043f\u043e\u0441\u044b\u043b\u043e\u0447\u043d\u044b\u0445 \u0430\u0432\u0442\u043e\u043c\u0430\u0442\u043e\u0432), \u0430 \u0442\u0430\u043a\u0436\u0435 \u043d\u043e\u043c\u0435\u0440 \u043c\u043e\u0431\u0438\u043b\u044c\u043d\u043e\u0433\u043e \u0442\u0435\u043b\u0435\u0444\u043e\u043d\u0430. \u0421\u0442\u043e\u0438\u043c\u043e\u0441\u0442\u044c \u0434\u043e\u0441\u0442\u0430\u0432\u043a\u0438 2,90 \u0435\u0432\u0440\u043e. \u0414\u043e\u0441\u0442\u0430\u0432\u043a\u0430 \u0437\u0430\u043a\u0430\u0437\u043e\u0432 \u043d\u0430 \u0441\u0443\u043c\u043c\u0443 \u0431\u043e\u043b\u0435\u0435 30 \u0435\u0432\u0440\u043e \u043f\u043e \u0432\u0441\u0435\u0439 \u041b\u0430\u0442\u0432\u0438\u0438 &#8212; \u0431\u0435\u0441\u043f\u043b\u0430\u0442\u043d\u043e.<\/li>\n<li>\u0414\u041e\u0421\u0422\u0410\u0412\u041a\u0410 \u041f\u041e\u0427\u0422\u041e\u0419 \u041b\u0410\u0422\u0412\u0418\u0418 \u0414\u041e \u041e\u0422\u0414\u0415\u041b\u0415\u041d\u0418\u042f. \u0414\u043e\u0441\u0442\u0430\u0432\u043a\u0430 \u043e\u0441\u0443\u0449\u0435\u0441\u0442\u0432\u043b\u044f\u0435\u0442\u0441\u044f \u0432 \u0441\u0440\u0435\u0434\u043d\u0435\u043c \u0432 \u0442\u0435\u0447\u0435\u043d\u0438\u0435 1-3 \u0440\u0430\u0431\u043e\u0447\u0438\u0445 \u0434\u043d\u0435\u0439 (\u0434\u043b\u044f \u0411\u0410\u0414) \u0438\u043b\u0438 3-5 \u0440\u0430\u0431\u043e\u0447\u0438\u0445 \u0434\u043d\u0435\u0439 (\u0434\u043b\u044f \u0434\u0435\u0440\u043c\u043e\u043a\u043e\u0441\u043c\u0435\u0442\u0438\u043a\u0438) \u043f\u043e\u0441\u043b\u0435 \u043e\u043f\u043b\u0430\u0442\u044b. \u041f\u0440\u0438 \u0432\u044b\u0431\u043e\u0440\u0435 \u0434\u0430\u043d\u043d\u043e\u0433\u043e \u0432\u0438\u0434\u0430 \u0434\u043e\u0441\u0442\u0430\u0432\u043a\u0438 \u041f\u043e\u043a\u0443\u043f\u0430\u0442\u0435\u043b\u044c \u0434\u043e\u043b\u0436\u0435\u043d \u0443\u043a\u0430\u0437\u0430\u0442\u044c \u0432 \u0444\u043e\u0440\u043c\u0435 \u0437\u0430\u043a\u0430\u0437\u0430 \u0438\u043c\u044f, \u0444\u0430\u043c\u0438\u043b\u0438\u044e \u0438 \u0430\u0434\u0440\u0435\u0441 \u0434\u043e\u0441\u0442\u0430\u0432\u043a\u0438 \u043f\u043e\u043b\u0443\u0447\u0430\u0442\u0435\u043b\u044f (\u0433\u043e\u0440\u043e\u0434, \u0443\u043b\u0438\u0446\u0443, \u043d\u043e\u043c\u0435\u0440 \u0434\u043e\u043c\u0430 \/ \u043a\u0432\u0430\u0440\u0442\u0438\u0440\u044b, \u043f\u043e\u0447\u0442\u043e\u0432\u044b\u0439 \u0438\u043d\u0434\u0435\u043a\u0441). \u0421\u0442\u043e\u0438\u043c\u043e\u0441\u0442\u044c \u0434\u043e\u0441\u0442\u0430\u0432\u043a\u0438 2,90 \u0435\u0432\u0440\u043e. \u0411\u0435\u0441\u043f\u043b\u0430\u0442\u043d\u0430\u044f \u0434\u043e\u0441\u0442\u0430\u0432\u043a\u0430 \u0434\u043b\u044f \u0437\u0430\u043a\u0430\u0437\u043e\u0432 \u043d\u0430 \u0441\u0443\u043c\u043c\u0443 \u0431\u043e\u043b\u0435\u0435 30 \u0435\u0432\u0440\u043e \u043f\u043e \u0432\u0441\u0435\u0439 \u041b\u0430\u0442\u0432\u0438\u0438. *<\/li>\n<\/ol>\n<p>* \u0414\u043e\u0441\u0442\u0430\u0432\u043a\u0430 \u0447\u0435\u0440\u0435\u0437 Latvijas pasts \u043c\u043e\u0436\u0435\u0442 \u0431\u044b\u0442\u044c \u043e\u0442\u043b\u043e\u0436\u0435\u043d\u0430 \u0438\u0437-\u0437\u0430 \u0437\u0430\u0433\u0440\u0443\u0436\u0435\u043d\u043d\u043e\u0441\u0442\u0438 \u043f\u043e\u0447\u0442\u043e\u0432\u043e\u0433\u043e \u043e\u043f\u0435\u0440\u0430\u0442\u043e\u0440\u0430!<\/p>\n<p>2. \u0415\u0441\u043b\u0438 \u041f\u043e\u043a\u0443\u043f\u0430\u0442\u0435\u043b\u044c \u0432\u044b\u0431\u0440\u0430\u043b \u0434\u043e\u0441\u0442\u0430\u0432\u043a\u0443 \u0422\u043e\u0432\u0430\u0440\u0430 \u043f\u043e \u0430\u0434\u0440\u0435\u0441\u0443, \u0443\u043a\u0430\u0437\u0430\u043d\u043d\u043e\u043c\u0443 \u041f\u043e\u043a\u0443\u043f\u0430\u0442\u0435\u043b\u0435\u043c, \u044d\u0442\u043e \u043c\u043e\u0436\u0435\u0442 \u0431\u044b\u0442\u044c \u043b\u044e\u0431\u043e\u0439 \u0430\u0434\u0440\u0435\u0441, \u0432\u044b\u0431\u0440\u0430\u043d\u043d\u044b\u0439 \u041f\u043e\u043a\u0443\u043f\u0430\u0442\u0435\u043b\u0435\u043c, \u0433\u0434\u0435 \u0435\u043c\u0443 \u0443\u0434\u043e\u0431\u043d\u043e \u043f\u043e\u043b\u0443\u0447\u0438\u0442\u044c \u0422\u043e\u0432\u0430\u0440 \u0438 \u0433\u0434\u0435 \u043d\u0430\u0445\u043e\u0434\u0438\u0442\u0441\u044f \u041f\u043e\u043a\u0443\u043f\u0430\u0442\u0435\u043b\u044c (\u0434\u043e\u043c\u0430\u0448\u043d\u0438\u0439 \u0430\u0434\u0440\u0435\u0441, \u043c\u0435\u0441\u0442\u043e \u0440\u0430\u0431\u043e\u0442\u044b. \u0438\u043b\u0438 \u0434\u0440\u0443\u0433\u043e\u0435 \u043c\u0435\u0441\u0442\u043e, \u0443\u043a\u0430\u0437\u0430\u043d\u043d\u043e\u0435 \u041f\u043e\u043a\u0443\u043f\u0430\u0442\u0435\u043b\u0435\u043c).<\/p>\n<p>3. \u0415\u0441\u043b\u0438 \u041f\u043e\u043a\u0443\u043f\u0430\u0442\u0435\u043b\u044c \u0432\u044b\u0431\u0440\u0430\u043b \u0441\u043f\u043e\u0441\u043e\u0431 \u0434\u043e\u0441\u0442\u0430\u0432\u043a\u0438 \u0422\u043e\u0432\u0430\u0440\u0430, \u043e\u0442\u043b\u0438\u0447\u043d\u044b\u0439 \u043e\u0442 \u0441\u0430\u043c\u043e\u0433\u043e \u0434\u0435\u0448\u0435\u0432\u043e\u0433\u043e \u0441\u043f\u043e\u0441\u043e\u0431\u0430 \u0434\u043e\u0441\u0442\u0430\u0432\u043a\u0438 (\u0421\u0442\u0430\u043d\u0434\u0430\u0440\u0442\u043d\u0430\u044f \u0434\u043e\u0441\u0442\u0430\u0432\u043a\u0430), \u0442\u043e \u0432 \u0441\u043b\u0443\u0447\u0430\u0435 \u0440\u0435\u0430\u043b\u0438\u0437\u0430\u0446\u0438\u0438 \u043f\u0440\u0430\u0432\u0430 \u043e\u0442\u043a\u0430\u0437\u0430 \u041f\u043e\u043a\u0443\u043f\u0430\u0442\u0435\u043b\u044e \u043d\u0435 \u0431\u0443\u0434\u0435\u0442 \u0432\u043e\u0437\u0432\u0440\u0430\u0449\u0435\u043d\u0430 \u043a\u043e\u043c\u0438\u0441\u0441\u0438\u044f, \u043f\u043e\u043d\u0435\u0441\u0435\u043d\u043d\u0430\u044f \u041f\u0440\u043e\u0434\u0430\u0432\u0446\u043e\u043c \u0437\u0430 \u0434\u043e\u0441\u0442\u0430\u0432\u043a\u0443 \u0422\u043e\u0432\u0430\u0440\u0430 \u0441 \u0438\u0441\u043f\u043e\u043b\u044c\u0437\u043e\u0432\u0430\u043d\u0438\u0435\u043c \u043c\u0435\u0442\u043e\u0434, \u043e\u0442\u043b\u0438\u0447\u043d\u044b\u0439 \u043e\u0442 \u0441\u0430\u043c\u043e\u0433\u043e \u0434\u0435\u0448\u0435\u0432\u043e\u0433\u043e \u0441\u0442\u0430\u043d\u0434\u0430\u0440\u0442\u043d\u043e\u0433\u043e \u0441\u043f\u043e\u0441\u043e\u0431\u0430 \u0434\u043e\u0441\u0442\u0430\u0432\u043a\u0438 \u041f\u0440\u043e\u0434\u0430\u0432\u0446\u0430.<\/p>\n","protected":false},"excerpt":{"rendered":"<p>\u00a0 \u00a0 \u00a0 \u0412\u0438\u0434\u044b \u0434\u043e\u0441\u0442\u0430\u0432\u043a\u0438 \u0442\u043e\u0432\u0430\u0440\u043e\u0432 \u0438 \u0441\u0442\u043e\u0438\u043c\u043e\u0441\u0442\u044c \u0434\u043e\u0441\u0442\u0430\u0432\u043a\u0438. 1. [&#8230;]\n","protected":false},"author":1,"featured_media":0,"parent":0,"menu_order":0,"comment_status":"closed","ping_status":"closed","template":"","meta":{"_acf_changed":false,"footnotes":""},"class_list":["post-1011","page","type-page","status-publish","hentry"],"acf":[],"_links":{"self":[{"href":"https:\/\/vitaminibaltics.com\/ru\/wp-json\/wp\/v2\/pages\/1011","targetHints":{"allow":["GET"]}}],"collection":[{"href":"https:\/\/vitaminibaltics.com\/ru\/wp-json\/wp\/v2\/pages"}],"about":[{"href":"https:\/\/vitaminibaltics.com\/ru\/wp-json\/wp\/v2\/types\/page"}],"author":[{"embeddable":true,"href":"https:\/\/vitaminibaltics.com\/ru\/wp-json\/wp\/v2\/users\/1"}],"replies":[{"embeddable":true,"href":"https:\/\/vitaminibaltics.com\/ru\/wp-json\/wp\/v2\/comments?post=1011"}],"version-history":[{"count":5,"href":"https:\/\/vitaminibaltics.com\/ru\/wp-json\/wp\/v2\/pages\/1011\/revisions"}],"predecessor-version":[{"id":3548,"href":"https:\/\/vitaminibaltics.com\/ru\/wp-json\/wp\/v2\/pages\/1011\/revisions\/3548"}],"wp:attachment":[{"href":"https:\/\/vitaminibaltics.com\/ru\/wp-json\/wp\/v2\/media?parent=1011"}],"curies":[{"name":"wp","href":"https:\/\/api.w.org\/{rel}","templated":true}]}}