{"id":6864,"date":"2020-12-20T22:38:28","date_gmt":"2023-10-30T17:53:08","guid":{"rendered":"https:\/\/vitaminibaltics.com\/?post_type=product&#038;p=6864"},"modified":"2024-08-01T00:00:39","modified_gmt":"2024-08-01T00:00:39","slug":"olimp-labs-hydratonic-fast","status":"publish","type":"product","link":"https:\/\/vitaminibaltics.com\/et\/toode\/olimp-labs-hydratonic-fast\/","title":{"rendered":"Olimp Labs Hydratonic\u00ae FAST"},"content":{"rendered":"<p><strong>Hydratonic\u00ae Fast <\/strong><strong>uue p\u00f5lvkonna <\/strong><strong>elektrol\u00fc\u00fctide, gl\u00fckoosi ja C-vitamiini kompleks, millel on k\u00f5rge imamisv\u00f5ime. <\/strong><strong>Kihisevad tabletid sisaldavad olulisi elektrol\u00fc\u00fcte (naatrium, kaalium, kaltsium ja magneesium), C-vitamiini ja gl\u00fckoosi, mis vees lahustatuna tagavad kiire ja k\u00f5rge elektrol\u00fc\u00fctide imendumise ning aitavad kiiresti taastada elektrol\u00fc\u00fctide ja vedeliku tasakaalu organismis<\/strong><strong>. <\/strong><\/p>\n<p>Soovitatav on tagada organismis normaalne vee ja elektrol\u00fc\u00fctide (mineraalide) tase, kui vedelikukaotus on suurenenud ning mineraalainete ja gl\u00fckoosi vajadus organismis suureneb &#8211; nt. sportlased ja f\u00fc\u00fcsiliselt aktiivsed inimesed, intensiivse f\u00fc\u00fcsilise koormuse ajal ja p\u00e4rast seda; tugeva higistamisega; vedelikukaotus, mis on p\u00f5hjustatud \u00e4gedast k\u00f5hulahtisusest v\u00f5i oksendamisest; janu kustutamiseks palava ilmaga; samuti inimestele, kes kasutavad igap\u00e4evaselt v\u00e4he vett (vedelikku).<\/p>\n<p><strong>Naatrium, kaalium, kaltsium ja magneesium on olulised mineraalid, mida on vaja igap\u00e4evaselt kogu elu jooksul, kuna nad osalevad paljudes olulistes kehafunktsioonides:<\/strong><\/p>\n<p><strong>Magneesium<\/strong> on element, mis osaleb paljudes ainevahetusprotsessides. See aitab s\u00e4ilitada elektrol\u00fc\u00fctide tasakaalu. Sarnaselt C-vitamiiniga aitab ka magneesium v\u00e4hendada v\u00e4simust ja kurnatust ning s\u00e4ilitada normaalset energiavahetust.<\/p>\n<p><strong>Kaltsium<\/strong> aitab tagada normaalse vere h\u00fc\u00fcbimise ja n\u00e4rviimpulsside \u00fclekandmise.<\/p>\n<p><strong>Kaalium<\/strong> aitab kaasa n\u00e4rvis\u00fcsteemi normaalsele talitlusele ja lihaste normaalsele talitlusele, samuti aitab hoida normaalset verer\u00f5hku.<\/p>\n<p>Vedeliku (vee) ja elektrol\u00fc\u00fctide tasakaal on oluline, kuna see aitab s\u00e4ilitada normaalseid f\u00fc\u00fcsilisi ja kognitiivseid funktsioone. Selle tagamiseks tuleb p\u00e4evas tarbida v\u00e4hemalt 2l vett.<\/p>\n<p>&nbsp;<\/p>\n<p>&nbsp;<\/p>\n","protected":false},"excerpt":{"rendered":"<p><strong>Aitab kiiresti taastada elektrol\u00fc\u00fctide ja vedeliku tasakaalu organismis<\/strong><\/p>\n<p><strong>Maitsev jook janu kustutamiseks<\/strong><\/p>\n","protected":false},"featured_media":10526,"template":"","meta":{"_acf_changed":false},"product_cat":[],"product_tag":[],"class_list":{"0":"post-6864","1":"product","2":"type-product","3":"status-publish","4":"has-post-thumbnail","7":"first","8":"instock","9":"taxable","10":"shipping-taxable","11":"purchasable","12":"product-type-simple"},"acf":[],"_links":{"self":[{"href":"https:\/\/vitaminibaltics.com\/et\/wp-json\/wp\/v2\/product\/6864","targetHints":{"allow":["GET"]}}],"collection":[{"href":"https:\/\/vitaminibaltics.com\/et\/wp-json\/wp\/v2\/product"}],"about":[{"href":"https:\/\/vitaminibaltics.com\/et\/wp-json\/wp\/v2\/types\/product"}],"wp:featuredmedia":[{"embeddable":true,"href":"https:\/\/vitaminibaltics.com\/et\/wp-json\/wp\/v2\/media\/10526"}],"wp:attachment":[{"href":"https:\/\/vitaminibaltics.com\/et\/wp-json\/wp\/v2\/media?parent=6864"}],"wp:term":[{"taxonomy":"product_cat","embeddable":true,"href":"https:\/\/vitaminibaltics.com\/et\/wp-json\/wp\/v2\/product_cat?post=6864"},{"taxonomy":"product_tag","embeddable":true,"href":"https:\/\/vitaminibaltics.com\/et\/wp-json\/wp\/v2\/product_tag?post=6864"}],"curies":[{"name":"wp","href":"https:\/\/api.w.org\/{rel}","templated":true}]}}