{"id":6760,"date":"2020-12-20T22:38:57","date_gmt":"2023-10-25T19:17:32","guid":{"rendered":"https:\/\/vitaminibaltics.com\/?post_type=product&#038;p=6760"},"modified":"2024-08-01T00:00:39","modified_gmt":"2024-08-01T00:00:39","slug":"olimp-labs-chela-ferr-easy","status":"publish","type":"product","link":"https:\/\/vitaminibaltics.com\/et\/toode\/olimp-labs-chela-ferr-easy\/","title":{"rendered":"Olimp Labs Chela-Ferr\u00ae easy"},"content":{"rendered":"<p><span style=\"color: #808080;\"><strong>Uue p\u00f5lvkonna orgaaniline raud &#8211; raua aminohappekelaat &#8211; FERROCHEL<span style=\"font-size: 100%;\"><sup>TM<\/sup><\/span> suurendatud annuses &#8211; k\u00f5ige t\u00f5husam ja paremini talutav rauavorm. Efektiivne ja ohutu rauaallikas aitab s\u00e4ilitada normaalse rauasisalduse ning v\u00e4hendada rauavaegust organismis<\/strong>.<\/span><\/p>\n<p><span lang=\"et-EE\" style=\"color: #808080;\"><b>FERROCHEL<span style=\"font-size: 100%;\"><sup>TM<\/sup><\/span>\u00a0 on ainulaadne orgaaniline raua\u00fchend, mille efektiivsus on kliiniliselt t\u00f5estatud:<\/b><\/span><\/p>\n<ul>\n<li><span style=\"color: #808080;\"><strong>v\u00e4ga k\u00f5rge bioaktiivsus<\/strong> &#8211; oluliselt parem raua imendumine ja kontrollitud rakendumine kogu organismis, v\u00f5rreldes teiste anorgaaniliste raua\u00fchenditega; imendub muutumatul kujul l\u00e4bi soole limaskesta rakudesse;<\/span><\/li>\n<li><span style=\"color: #808080;\"><strong>k\u00f5rge bioefektiivsus<\/strong> &#8211; k\u00f5rge bioefektiivsus \u2013 isegi v\u00e4ikestes annustes t\u00f5stab kiiresti hemoglobiini ja ferritiini taset vereplasmas, samuti kogu raua sidumisv\u00f5ime (TIBC); suurendab kiiresti rauavarusid organismis rauapuudusega<\/span><br \/>\n<span style=\"color: #808080;\">inimestel, ilma rauata \u00fcleannustamise n\u00e4hud;<\/span><\/li>\n<li><span style=\"color: #808080;\"><strong>f\u00fcsioloogiliselt kontrollitud raua omastamine<\/strong> \u2013 raudkelaadi imendumine ja omastamine on f\u00fcsioloogiliselt reguleeritud s\u00f5ltuvalt raua tasemest organismis, see on on p\u00f6\u00f6rdv\u00f5rdeline ferritiini tasemega vereplasmas, mille<\/span><br \/>\n<span style=\"color: #808080;\">tulemuseks on minimaalne raua \u00fcleannustamise v\u00f5imalus<\/span><\/li>\n<li><span style=\"color: #808080;\"><strong>hea talutavus<\/strong> &#8211; ei p\u00f5hjusta seedetrakti \u00e4rritust ega muid ebameeldivaid k\u00f5rvalm\u00f5jusid;<\/span><\/li>\n<li><span style=\"color: #808080;\"><strong>h\u00fcpoallergeenne, ohutu kasutada<\/strong>\u2013 ei p\u00f5hjusta allergilisi reaktsioone (GRAS sertifikaat, <span lang=\"et-EE\">USA patent nr 7 838 042)<\/span>\u00a0<\/span><\/li>\n<li><span style=\"color: #808080;\"><strong>toit ja muud vitamiinid\/mineraalid ei m\u00f5juta raua imendumist<\/strong> \u2013 seet\u00f5ttu v\u00f5ib seda v\u00f5tta igal ajal ja koos teiste vitamiinide\/mineraalidega.<\/span><\/li>\n<li><span lang=\"et-EE\" style=\"color: #808080;\">sobib taimetoitlastele \/ veganitele \/ Kosher \/ GMO-vabad sertifikaadid<\/span><\/li>\n<\/ul>\n<p><span lang=\"et-EE\" style=\"color: #808080;\">Raseduse ajal piisaval hulgal rauda organismis omab olulist rolli naiste ja s\u00fcndimata lapse tervisele, kuna raud:<\/span><\/p>\n<ul>\n<li><span lang=\"et-EE\" style=\"color: #808080;\">soodustab punaste vereliblede ja hemoglobiini moodustumist ning tagab normaalse hapniku transpordi kehas;<\/span><\/li>\n<li><span lang=\"et-EE\" style=\"color: #808080;\">soodustab normaalseid kognitiivseid funktsioone ja aitab tagada normaalse energia ainevahetuse;<\/span><\/li>\n<li><span lang=\"et-EE\" style=\"color: #808080;\">soodustab immuuns\u00fcsteemi toimimist ning aitab v\u00e4hendada v\u00e4simust ja n\u00f5rkust.<\/span><\/li>\n<\/ul>\n<p><span style=\"color: #808080;\"><span lang=\"et-EE\"><b>C-vitamiin<\/b><\/span><span lang=\"et-EE\"> parandab raua imendumist.<\/span><\/span><\/p>\n<p><span lang=\"et-EE\" style=\"color: #808080;\"><b>FERROCHEL<span style=\"font-size: 100%;\"><sup>TM<\/sup><\/span> on mitte-heemi raua patenteeritud vorm &#8211; Fe (II) + aminohappekelaadi kujul, millel on sama hea bioaktiivsus ja taluvus kui heemne raual. <\/b><\/span><\/p>\n<p><span lang=\"et-EE\" style=\"color: #808080;\"><b>FERROCHEL<span style=\"font-size: 100%;\"><sup>TM<\/sup><\/span> aminohappe- kelaatide struktuuri kinnitab teaduslikult patenteeritud FT-IR TRAACS<span style=\"font-size: 100%;\"><sup>TM<\/sup><\/span> meetod.<\/b><\/span><\/p>\n<p><span lang=\"et-EE\" style=\"color: #808080;\">Albion Gold Medallion<span style=\"font-size: 100%;\"><sup>TM<\/sup><\/span> ja Ferrochel<span style=\"font-size: 100%;\"><sup>TM<\/sup><\/span>, TRAACS<span style=\"font-size: 100%;\"><sup>TM<\/sup><\/span>, autor Balchem \u200b\u200bInc. on registreeritud kaubam\u00e4rgid, mis tagavad Albion<span style=\"font-size: 100%;\"><sup>TM<\/sup><\/span> aminohapete kelaatide olemasolu tootes, nende ainulaadsuse ja k\u00f5rge kvaliteedi!<\/span><\/p>\n<p>&nbsp;<\/p>\n","protected":false},"excerpt":{"rendered":"<p><span style=\"color: #808080;\"><strong>Uue p\u00f5lvkonna orgaaniline raud &#8211; h\u00fcpoallergeeniline orgaaniline raua aminohappekelaat FERROCHEL<span lang=\"et-EE\"><span style=\"font-size: 100%;\"><sup>TM<\/sup><\/span><\/span> suures annuses v\u00e4ga hea imendumisv\u00f5imega.<\/strong><\/span><\/p>\n<p><span lang=\"et-EE\" style=\"color: #808080;\">Suukaudselt lahustuv vaarikamaitseline pulber.<\/span><\/p>\n","protected":false},"featured_media":15925,"template":"","meta":{"_acf_changed":false},"product_cat":[],"product_tag":[],"class_list":{"0":"post-6760","1":"product","2":"type-product","3":"status-publish","4":"has-post-thumbnail","7":"first","8":"instock","9":"taxable","10":"shipping-taxable","11":"purchasable","12":"product-type-simple"},"acf":[],"_links":{"self":[{"href":"https:\/\/vitaminibaltics.com\/et\/wp-json\/wp\/v2\/product\/6760","targetHints":{"allow":["GET"]}}],"collection":[{"href":"https:\/\/vitaminibaltics.com\/et\/wp-json\/wp\/v2\/product"}],"about":[{"href":"https:\/\/vitaminibaltics.com\/et\/wp-json\/wp\/v2\/types\/product"}],"wp:featuredmedia":[{"embeddable":true,"href":"https:\/\/vitaminibaltics.com\/et\/wp-json\/wp\/v2\/media\/15925"}],"wp:attachment":[{"href":"https:\/\/vitaminibaltics.com\/et\/wp-json\/wp\/v2\/media?parent=6760"}],"wp:term":[{"taxonomy":"product_cat","embeddable":true,"href":"https:\/\/vitaminibaltics.com\/et\/wp-json\/wp\/v2\/product_cat?post=6760"},{"taxonomy":"product_tag","embeddable":true,"href":"https:\/\/vitaminibaltics.com\/et\/wp-json\/wp\/v2\/product_tag?post=6760"}],"curies":[{"name":"wp","href":"https:\/\/api.w.org\/{rel}","templated":true}]}}