{"id":4971,"date":"2023-04-13T08:30:49","date_gmt":"2023-04-13T08:30:49","guid":{"rendered":"https:\/\/vitaminibaltics.com\/?page_id=4971"},"modified":"2025-07-10T16:30:10","modified_gmt":"2025-07-10T16:30:10","slug":"kontakti","status":"publish","type":"page","link":"https:\/\/vitaminibaltics.com\/et\/kontakti\/","title":{"rendered":"Kontakti"},"content":{"rendered":"<div class=\"row\"  id=\"row-237997075\">\n\n\t<div id=\"col-877578726\" class=\"col small-12 large-12\"  >\n\t\t\t\t<div class=\"col-inner\"  >\n\t\t\t\n\t\t\t\n  <div id=\"page-header-1054663220\" class=\"page-header-wrapper\">\n  <div class=\"page-title light simple-title\">\n\n    \n    <div class=\"page-title-inner container align-center flex-row medium-flex-wrap row-reverse\" >\n            <div class=\"title-content flex-col flex-left text-left medium-text-center\">\n        <div class=\"title-breadcrumbs pb-half pt-half\"><\/div>      <\/div>\n    <\/div>\n\n       <\/div>\n    <\/div>\n  \n\t\t<\/div>\n\t\t\t\t\t<\/div>\n\n\t\n<\/div>\n<div class=\"row\"  id=\"row-1183051083\">\n\n\t<div id=\"col-1990358037\" class=\"col medium-6 small-12 large-6\"  >\n\t\t\t\t<div class=\"col-inner\"  >\n\t\t\t\n\t\t\t\n<h3><strong>E-poe vitaminibaltics.com kontaktandmed<\/strong><\/h3>\n<p><a href=\"tel:67367257\">67367257<\/a><br \/>\n<a href=\"tel:67228520\">67228520<\/a><\/p>\n<p>P-Pk 10:00-16:00<br \/>\n<a href=\"mailto:info@vitaminibaltics.com\">info@vitalmedica.lv<\/a><\/p>\n<h3>Ettev\u00f5tte andmed<\/h3>\n<p><strong>VitalMedica SIA ravimite hulgim\u00fc\u00fcja<\/strong><\/p>\n<p>AADRESS: K.Ulma\u0146a gatve 119, M\u0101rupe, R\u012bgas raj., LV-2167<br \/>\nRE\u0122. NR.: 40003615997<\/p>\n<p>KMKR nr LV40003615997<br \/>\nPANK: Swedbanka<br \/>\nSWIFT: HABA LV 22<br \/>\nEUR-KONTO: LV68HABA0551033478925<\/p>\n<p>KONTORI AADRESS: K.Ulmana gatve 119, Marupe, Riia rajoon, LV-2167<br \/>\n<a href=\"mailto:info@vitalmedica.lv\">E-POST: info@vitalmedica.lv<\/a><br \/>\n<a href=\"tel: +371 67367257\">TELEFON: +371 67367257<\/a><\/p>\n\t\t<\/div>\n\t\t\t\t\t<\/div>\n\n\t\n\n\t<div id=\"col-2032687302\" class=\"col medium-6 small-12 large-6\"  >\n\t\t\t\t<div class=\"col-inner\"  >\n\t\t\t\n\t\t\t\n<div class=\"container section-title-container\" ><h3 class=\"section-title section-title-normal\"><b><\/b><span class=\"section-title-main\" >Sazinies ar mums<\/span><b><\/b><\/h3><\/div>\n\n<div class=\"wpcf7 no-js\" id=\"wpcf7-f1526-o1\" lang=\"lv-LV\" dir=\"ltr\" data-wpcf7-id=\"1526\">\n<div class=\"screen-reader-response\"><p role=\"status\" aria-live=\"polite\" aria-atomic=\"true\"><\/p> <ul><\/ul><\/div>\n<form action=\"\/et\/wp-json\/wp\/v2\/pages\/4971#wpcf7-f1526-o1\" method=\"post\" class=\"wpcf7-form init\" aria-label=\"Contact form\" novalidate=\"novalidate\" data-status=\"init\">\n<fieldset class=\"hidden-fields-container\"><input type=\"hidden\" name=\"_wpcf7\" value=\"1526\" \/><input type=\"hidden\" name=\"_wpcf7_version\" value=\"6.1.5\" \/><input type=\"hidden\" name=\"_wpcf7_locale\" value=\"lv_LV\" \/><input type=\"hidden\" name=\"_wpcf7_unit_tag\" value=\"wpcf7-f1526-o1\" \/><input type=\"hidden\" name=\"_wpcf7_container_post\" value=\"0\" \/><input type=\"hidden\" name=\"_wpcf7_posted_data_hash\" value=\"\" \/><input type=\"hidden\" name=\"_wpcf7_recaptcha_response\" value=\"\" \/>\n<\/fieldset>\n<div class=\"form-flat\">\n\t<p><span class=\"wpcf7-form-control-wrap\" data-name=\"your-name\"><input size=\"40\" maxlength=\"400\" class=\"wpcf7-form-control wpcf7-text wpcf7-validates-as-required\" aria-required=\"true\" aria-invalid=\"false\" placeholder=\"J\u016bsu v\u0101rds (oblig\u0101ti)\" value=\"\" type=\"text\" name=\"your-name\" \/><\/span>\n\t<\/p>\n\t<p><span class=\"wpcf7-form-control-wrap\" data-name=\"your-email\"><input size=\"40\" maxlength=\"400\" class=\"wpcf7-form-control wpcf7-email wpcf7-validates-as-required wpcf7-text wpcf7-validates-as-email\" aria-required=\"true\" aria-invalid=\"false\" placeholder=\"J\u016bsus e-pasts (oblig\u0101ti)\" value=\"\" type=\"email\" name=\"your-email\" \/><\/span>\n\t<\/p>\n\t<p><span class=\"wpcf7-form-control-wrap\" data-name=\"your-message\"><textarea cols=\"40\" rows=\"10\" maxlength=\"2000\" class=\"wpcf7-form-control wpcf7-textarea\" aria-invalid=\"false\" placeholder=\"J\u016bsu zi\u0146a (oblig\u0101ti)\" name=\"your-message\"><\/textarea><\/span>\n\t<\/p>\n\t<p><input class=\"wpcf7-form-control wpcf7-submit has-spinner button\" type=\"submit\" value=\"Iesniegt\" \/>\n\t<\/p>\n<\/div><div class=\"wpcf7-response-output\" aria-hidden=\"true\"><\/div>\n<\/form>\n<\/div>\n\n\t\t<\/div>\n\t\t\t\t\t<\/div>\n\n\t\n<\/div>\n<div><iframe loading=\"lazy\" style=\"border: 0;\" src=\"https:\/\/www.google.com\/maps\/embed?pb=!1m18!1m12!1m3!1d2177.232761495305!2d24.021035315976512!3d56.927677980883864!2m3!1f0!2f0!3f0!3m2!1i1024!2i768!4f13.1!3m3!1m2!1s0x46eed077a5b494ed%3A0x90e7e53d0aa518c0!2zS8SBcsS8YSBVbG1hxYZhIGdhdHZlIDExOSwgTcSBcnVwZSwgTcSBcnVwZXMgbm92YWRzLCBMVi0yMTY3!5e0!3m2!1sru!2slv!4v1647862405247!5m2!1sru!2slv\" width=\"100%\" height=\"436\" allowfullscreen=\"allowfullscreen\" data-mce-fragment=\"1\"><\/iframe><\/div>\n","protected":false},"excerpt":{"rendered":"","protected":false},"author":1,"featured_media":0,"parent":0,"menu_order":0,"comment_status":"closed","ping_status":"closed","template":"","meta":{"_acf_changed":false,"footnotes":""},"class_list":["post-4971","page","type-page","status-publish","hentry"],"acf":[],"_links":{"self":[{"href":"https:\/\/vitaminibaltics.com\/et\/wp-json\/wp\/v2\/pages\/4971","targetHints":{"allow":["GET"]}}],"collection":[{"href":"https:\/\/vitaminibaltics.com\/et\/wp-json\/wp\/v2\/pages"}],"about":[{"href":"https:\/\/vitaminibaltics.com\/et\/wp-json\/wp\/v2\/types\/page"}],"author":[{"embeddable":true,"href":"https:\/\/vitaminibaltics.com\/et\/wp-json\/wp\/v2\/users\/1"}],"replies":[{"embeddable":true,"href":"https:\/\/vitaminibaltics.com\/et\/wp-json\/wp\/v2\/comments?post=4971"}],"version-history":[{"count":3,"href":"https:\/\/vitaminibaltics.com\/et\/wp-json\/wp\/v2\/pages\/4971\/revisions"}],"predecessor-version":[{"id":15871,"href":"https:\/\/vitaminibaltics.com\/et\/wp-json\/wp\/v2\/pages\/4971\/revisions\/15871"}],"wp:attachment":[{"href":"https:\/\/vitaminibaltics.com\/et\/wp-json\/wp\/v2\/media?parent=4971"}],"curies":[{"name":"wp","href":"https:\/\/api.w.org\/{rel}","templated":true}]}}