{"id":18156,"date":"2025-11-28T14:44:01","date_gmt":"2025-11-28T14:44:01","guid":{"rendered":"https:\/\/vitaminibaltics.com\/?post_type=product&#038;p=18156"},"modified":"2026-04-08T10:54:03","modified_gmt":"2026-04-08T10:54:03","slug":"olimp-labs-gold-vit-d3-junior-xylitol","status":"publish","type":"product","link":"https:\/\/vitaminibaltics.com\/en\/product\/olimp-labs-gold-vit-d3-junior-xylitol\/","title":{"rendered":"Olimp Labs Gold Vit\u00ae D3 Junior Xylitol"},"content":{"rendered":"<div><strong>The latest generation of vitamin D3 for children and adults in a convenient form &#8211; small, orodispersible tablets (ODT) with a natural fruit flavor. A safe, easy and convenient source of vitamin D to maintain normal vitamin D levels in children, the elderly, and a great solution for people with swallowing difficulties.<\/strong><\/div>\n<div>\n<p><strong>Thanks to the innovative formulation &#8211; ODT tablet &#8211; instantly soluble tablet:<\/strong><\/p>\n<ul>\n<li>the tablet melts in your mouth instantly, no need to swallow or drink it with water<\/li>\n<li>more convenient to use and faster absorption of vitamin D than regular tablets or capsules<\/li>\n<li>a great solution for children, the elderly and people with difficulty swallowing, as well as an ideal offer for anyone who appreciates comfort.<\/li>\n<\/ul>\n<\/div>\n<div>One tablet contains <strong>1600IU of vitamin D3 and added xylitol*,<\/strong> which is a natural sweetener &#8211; a sugar substitute.<\/div>\n<div>Frequent consumption of sugary foods, poor oral hygiene can disrupt the pH balance of the oral cavity &#8211; causing a decrease in pH levels, forming acidic plaque caused by acid-producing bacteria in contact with fermentable carbohydrates (i.e. sugars and starches). This can contribute to tooth demineralization, tooth enamel erosion and the development of caries.<\/div>\n<div><\/div>\n<ul>\n<li><strong>*Xylitol is a natural sweetener suitable for everyone. It has an oral health-promoting effect &#8211; it inhibits the growth of bacteria in the mouth, reduces plaque formation and tooth enamel damage, and stimulates saliva flow, which neutralizes acids. Xylitol acts as an effective means of preventing dental caries. <\/strong><span style=\"font-size: 90%;\"><em>(*Latvijas \u0100rsts, June 2022. E. Senakola, M. \u0160ubina Xylitol &#8211; an aid to maintaining oral health. Zob\u0101rstniec\u012bbas Raksti 2022, 44-47.)<\/em><\/span><\/li>\n<li><strong>For bone and tooth health.<\/strong> Vitamin D is necessary for normal bone development and growth in children; helps maintain bone and tooth health and maintain normal calcium levels in the blood; ensures normal muscle function.<\/li>\n<li><strong>For immunity.<\/strong> Vitamin D contributes to the normal functioning of the immune system; is necessary for the process of cell division.<\/li>\n<\/ul>\n<p><strong>Free from sugar, gluten and lactose!<\/strong><\/p>\n","protected":false},"excerpt":{"rendered":"<p><strong>\u00a0Vitamin D3 1600IU with Xylitol in orodispersible tablets (ODT) with a natural fruit flavor for dental health. Faster absorption without swallowing, starts working in the oral cavity<\/strong><\/p>\n","protected":false},"featured_media":19710,"template":"","meta":{"_acf_changed":false},"product_cat":[132,117,112,116,115,126],"product_tag":[],"class_list":{"0":"post-18156","1":"product","2":"type-product","3":"status-publish","4":"has-post-thumbnail","6":"product_cat-all-products","7":"product_cat-bone-and-joint-health","8":"product_cat-for-children","9":"product_cat-for-immune-system-against-colds","10":"product_cat-pregnancy","11":"product_cat-vitamins-and-minerals","13":"first","14":"instock","15":"sale","16":"taxable","17":"shipping-taxable","18":"purchasable","19":"product-type-simple"},"acf":[],"_links":{"self":[{"href":"https:\/\/vitaminibaltics.com\/en\/wp-json\/wp\/v2\/product\/18156","targetHints":{"allow":["GET"]}}],"collection":[{"href":"https:\/\/vitaminibaltics.com\/en\/wp-json\/wp\/v2\/product"}],"about":[{"href":"https:\/\/vitaminibaltics.com\/en\/wp-json\/wp\/v2\/types\/product"}],"wp:featuredmedia":[{"embeddable":true,"href":"https:\/\/vitaminibaltics.com\/en\/wp-json\/wp\/v2\/media\/19710"}],"wp:attachment":[{"href":"https:\/\/vitaminibaltics.com\/en\/wp-json\/wp\/v2\/media?parent=18156"}],"wp:term":[{"taxonomy":"product_cat","embeddable":true,"href":"https:\/\/vitaminibaltics.com\/en\/wp-json\/wp\/v2\/product_cat?post=18156"},{"taxonomy":"product_tag","embeddable":true,"href":"https:\/\/vitaminibaltics.com\/en\/wp-json\/wp\/v2\/product_tag?post=18156"}],"curies":[{"name":"wp","href":"https:\/\/api.w.org\/{rel}","templated":true}]}}